{"id":12,"date":"2025-02-20T15:39:36","date_gmt":"2025-02-20T14:39:36","guid":{"rendered":"https:\/\/sb-westfalia.de\/?page_id=12"},"modified":"2025-09-29T08:13:40","modified_gmt":"2025-09-29T07:13:40","slug":"datenschutz","status":"publish","type":"page","link":"https:\/\/sb-westfalia.de\/?page_id=12","title":{"rendered":"Datenschutz"},"content":{"rendered":"\n<h2 class=\"wp-block-heading\">DATENSCHUTZERKL\u00c4RUNG<\/h2>\n\n\n\n<p>Aktualit\u00e4t dieser Datenschutzerkl\u00e4rung<br>Wir behalten uns vor, diese Datenschutzerkl\u00e4rung anzupassen, um sie an ge\u00e4nderte Rechtslagen oder bei \u00c4nderungen des Dienstes sowie der Datenverarbeitung anzupassen. Es gilt jeweils die auf unserer Website ver\u00f6ffentlichte aktuelle Version.<\/p>\n\n\n\n<p>Datenschutzbeauftragter<br>Ein Datenschutzbeauftragter ist f\u00fcr unseren Verein nicht bestellt, da hierf\u00fcr keine gesetzliche Pflicht besteht. F\u00fcr alle Fragen zum Datenschutz wenden Sie sich bitte an die oben genannten Kontaktdaten.<\/p>\n\n\n\n<p>Zwecke und Rechtsgrundlagen der Verarbeitung<br>Wir verarbeiten personenbezogene Daten im Einklang mit den Bestimmungen der Datenschutz-Grundverordnung (DSGVO) und dem Bundesdatenschutzgesetz (BDSG):<\/p>\n\n\n\n<p>zur Bereitstellung dieser Website (Art. 6 Abs. 1 lit. f DSGVO),<\/p>\n\n\n\n<p>zur Beantwortung von Kontaktanfragen (Art. 6 Abs. 1 lit. b und f DSGVO),<\/p>\n\n\n\n<p>zur Erf\u00fcllung satzungsgem\u00e4\u00dfer Vereinszwecke (Art. 6 Abs. 1 lit. b DSGVO),<\/p>\n\n\n\n<p>mit Einwilligung des Nutzers (Art. 6 Abs. 1 lit. a DSGVO).<\/p>\n\n\n\n<p>Zugriffsdaten und Logfiles<br>Beim Aufruf unserer Website werden Daten durch den Browser Ihres Endger\u00e4ts an unseren Server \u00fcbermittelt. Diese Daten umfassen z. B. IP-Adresse, Datum und Uhrzeit der Anfrage, Zeitzonendifferenz, Inhalt der Anforderung, Betriebssystem, Browsertyp und Version. Die Verarbeitung erfolgt zur Sicherstellung eines st\u00f6rungsfreien Betriebs der Seite (Art. 6 Abs. 1 lit. f DSGVO). Eine Zusammenf\u00fchrung mit anderen Datenquellen erfolgt nicht.<\/p>\n\n\n\n<p>Cookies<br>Unsere Website verwendet Cookies. Cookies sind kleine Textdateien, die auf Ihrem Endger\u00e4t gespeichert werden und bestimmte Informationen enthalten. Sie dienen der nutzerfreundlichen Gestaltung unserer Website. Rechtsgrundlage f\u00fcr den Einsatz von technisch notwendigen Cookies ist Art. 6 Abs. 1 lit. f DSGVO. F\u00fcr alle weiteren Cookies holen wir Ihre Einwilligung \u00fcber ein Consent-Banner ein (Art. 6 Abs. 1 lit. a DSGVO).<\/p>\n\n\n\n<p>Google Analytics<br>Soweit Sie \u00fcber unser Cookie-Banner eingewilligt haben (Art. 6 Abs. 1 lit. a DSGVO), nutzen wir auf unserer Website Google Analytics, einen Webanalysedienst der Google Ireland Limited, Gordon House, Barrow Street, Dublin 4, Irland. Google verarbeitet dabei Daten \u00fcber die Benutzung unserer Website, um Reports \u00fcber die Websiteaktivit\u00e4ten zusammenzustellen und uns weitere mit der Websitenutzung verbundene Dienstleistungen bereitzustellen. Google Analytics verwendet Cookies. Die durch die Cookies erzeugten Informationen werden in der Regel an einen Server von Google in den USA \u00fcbertragen und dort gespeichert. Wir nutzen die Funktion \u201eanonymizeIp\u201c, wodurch Ihre IP-Adresse innerhalb der EU oder des EWR vor \u00dcbermittlung gek\u00fcrzt wird. Nur in Ausnahmef\u00e4llen wird die volle IP-Adresse an Google in den USA \u00fcbertragen und dort gek\u00fcrzt. Die Daten\u00fcbermittlung in die USA erfolgt auf Grundlage der EU-Standardvertragsklauseln. Wir weisen darauf hin, dass in den USA kein gleichwertiges Datenschutzniveau wie in der EU besteht und US-Beh\u00f6rden auf Daten zugreifen k\u00f6nnen. Die von uns gesendeten und mit Cookies verkn\u00fcpften Daten werden nach 14 Monaten automatisch gel\u00f6scht. N\u00e4here Informationen finden Sie unter: https:\/\/support.google.com\/analytics\/answer\/7667196. Sie k\u00f6nnen Ihre Einwilligung jederzeit \u00fcber unser Cookie-Banner widerrufen. Dar\u00fcber hinaus k\u00f6nnen Sie die Speicherung von Cookies durch eine entsprechende Einstellung Ihrer Browser-Software verhindern oder ein Browser-Plugin unter folgendem Link installieren: https:\/\/tools.google.com\/dlpage\/gaoptout. Weitere Informationen finden Sie in der Datenschutzerkl\u00e4rung von Google: https:\/\/policies.google.com\/privacy und den Einstellungen f\u00fcr personalisierte Werbung: https:\/\/adssettings.google.com.<\/p>\n\n\n\n<p>Empf\u00e4nger personenbezogener Daten<br>Eine Weitergabe Ihrer Daten an Dritte erfolgt nur, wenn<\/p>\n\n\n\n<p>Sie eingewilligt haben (Art. 6 Abs. 1 lit. a DSGVO),<\/p>\n\n\n\n<p>dies zur Vertragsdurchf\u00fchrung erforderlich ist (Art. 6 Abs. 1 lit. b DSGVO),<\/p>\n\n\n\n<p>eine gesetzliche Verpflichtung besteht (Art. 6 Abs. 1 lit. c DSGVO), oder<\/p>\n\n\n\n<p>dies zur Wahrung berechtigter Interessen erforderlich ist (Art. 6 Abs. 1 lit. f DSGVO).<\/p>\n\n\n\n<p>Speicherdauer<br>Wir verarbeiten und speichern personenbezogene Daten nur so lange, wie dies f\u00fcr die Erf\u00fcllung unserer Zwecke erforderlich ist oder eine gesetzliche Aufbewahrungsfrist besteht. Danach werden die Daten gel\u00f6scht.<\/p>\n\n\n\n<p>Ihre Rechte als betroffene Person<br>Sie haben das Recht,<\/p>\n\n\n\n<p>gem\u00e4\u00df Art. 15 DSGVO Auskunft \u00fcber Ihre von uns verarbeiteten personenbezogenen Daten zu verlangen,<\/p>\n\n\n\n<p>gem\u00e4\u00df Art. 16 DSGVO die Berichtigung unrichtiger oder Vervollst\u00e4ndigung unvollst\u00e4ndiger Daten zu verlangen,<\/p>\n\n\n\n<p>gem\u00e4\u00df Art. 17 DSGVO die L\u00f6schung Ihrer bei uns gespeicherten Daten zu verlangen,<\/p>\n\n\n\n<p>gem\u00e4\u00df Art. 18 DSGVO die Einschr\u00e4nkung der Verarbeitung zu verlangen,<\/p>\n\n\n\n<p>gem\u00e4\u00df Art. 20 DSGVO die \u00dcbertragung Ihrer Daten in einem strukturierten, g\u00e4ngigen und maschinenlesbaren Format zu erhalten,<\/p>\n\n\n\n<p>gem\u00e4\u00df Art. 21 DSGVO der Verarbeitung Ihrer Daten zu widersprechen,<\/p>\n\n\n\n<p>gem\u00e4\u00df Art. 7 Abs. 3 DSGVO eine einmal erteilte Einwilligung jederzeit zu widerrufen,<\/p>\n\n\n\n<p>sowie gem\u00e4\u00df Art. 77 DSGVO Beschwerde bei einer Aufsichtsbeh\u00f6rde einzulegen.<\/p>\n\n\n\n<p>Aufsichtsbeh\u00f6rde<br>Zust\u00e4ndige Datenschutzaufsichtsbeh\u00f6rde f\u00fcr unseren Verein ist:<br>Landesbeauftragte\/r f\u00fcr den Datenschutz Nordrhein Westfalen<\/p>\n","protected":false},"excerpt":{"rendered":"<p>DATENSCHUTZERKL\u00c4RUNG Aktualit\u00e4t dieser Datenschutzerkl\u00e4rungWir behalten uns vor, diese Datenschutzerkl\u00e4rung anzupassen, um sie an ge\u00e4nderte Rechtslagen oder bei \u00c4nderungen des Dienstes sowie der Datenverarbeitung anzupassen. Es gilt jeweils die auf unserer [&hellip;]<\/p>\n","protected":false},"author":1,"featured_media":0,"parent":0,"menu_order":0,"comment_status":"closed","ping_status":"closed","template":"","meta":{"footnotes":""},"class_list":["post-12","page","type-page","status-publish","hentry","entry"],"_links":{"self":[{"href":"https:\/\/sb-westfalia.de\/index.php?rest_route=\/wp\/v2\/pages\/12","targetHints":{"allow":["GET"]}}],"collection":[{"href":"https:\/\/sb-westfalia.de\/index.php?rest_route=\/wp\/v2\/pages"}],"about":[{"href":"https:\/\/sb-westfalia.de\/index.php?rest_route=\/wp\/v2\/types\/page"}],"author":[{"embeddable":true,"href":"https:\/\/sb-westfalia.de\/index.php?rest_route=\/wp\/v2\/users\/1"}],"replies":[{"embeddable":true,"href":"https:\/\/sb-westfalia.de\/index.php?rest_route=%2Fwp%2Fv2%2Fcomments&post=12"}],"version-history":[{"count":5,"href":"https:\/\/sb-westfalia.de\/index.php?rest_route=\/wp\/v2\/pages\/12\/revisions"}],"predecessor-version":[{"id":433,"href":"https:\/\/sb-westfalia.de\/index.php?rest_route=\/wp\/v2\/pages\/12\/revisions\/433"}],"wp:attachment":[{"href":"https:\/\/sb-westfalia.de\/index.php?rest_route=%2Fwp%2Fv2%2Fmedia&parent=12"}],"curies":[{"name":"wp","href":"https:\/\/api.w.org\/{rel}","templated":true}]}}